{"id":64,"date":"2017-09-10T17:31:38","date_gmt":"2017-09-10T17:31:38","guid":{"rendered":"http:\/\/sv-rhade.de\/?page_id=64"},"modified":"2022-06-24T21:20:53","modified_gmt":"2022-06-24T19:20:53","slug":"mitgliedschaft","status":"publish","type":"page","link":"https:\/\/sv-rhade.de\/?page_id=64","title":{"rendered":"Mitgliedschaft"},"content":{"rendered":"<p>Die Mitgliedschaft kann in den einzelnen Abteilungen beantragt und zu den angegebenen Fristen &#8211; ebenfalls \u00fcber die Abteilungsleitungen &#8211; gek\u00fcndigt werden. \u00dcber die Geb\u00fchren f\u00fcr die Mitgliedschaft informieren die jeweiligen Abteilungen.<\/p>\n<p><a href=\"http:\/\/sv-rhade.de\/?attachment_id=168\" target=\"_blank\" rel=\"noopener noreferrer\">SV-Anmeldung SEPA &#8211; Basketball<\/a><\/p>\n<p><a href=\"https:\/\/sv-rhade.de\/wp-content\/uploads\/2022\/06\/SV-Anmeldung-SEPA-Fitness-Volleyball_2022.pdf\" target=\"_blank\" rel=\"noopener noreferrer\">SV-Anmeldung SEPA &#8211; Fitness oder Volleyball<\/a><\/p>\n<p><span style=\"color: #808080;\">Die im Aufnahmeantrag angegebenen personenbezogenen Daten, insbesondere Name, Anschrift, Telefonnummer, Bankdaten, die allein zum Zwecke der Durchf\u00fchrung des entstehenden Vertragsverh\u00e4ltnisses notwendig und erforderlich sind, werden auf Grundlage gesetzlicher Berechtigungen erhoben. Sie sind gem\u00e4\u00df \u00a7 34 BDSG bzw. Art. 6 DS-GVO jederzeit berechtigt, um umfangreiche Auskunftserteilung zu den zu Ihrer Person gespeicherten Daten zu ersuchen. Gem\u00e4\u00df \u00a7 35 BDSG bzw. Art. 16-18 DS-GVO k\u00f6nnen Sie jederzeit die Berichtigung, L\u00f6schung und Sperrung einzelner personenbezogener Daten verlangen. Sie k\u00f6nnen dar\u00fcber hinaus jederzeit ohne Angabe von Gr\u00fcnden von Ihrem Widerspruchsrecht Gebrauch machen und die erteilte Einwilligungserkl\u00e4rung mit Wirkung f\u00fcr die Zukunft ab\u00e4ndern oder g\u00e4nzlich widerrufen. Sie k\u00f6nnen den Widerruf entweder postalisch, per E-Mail oder per Fax an den Verein \u00fcbermitteln. Es entstehen Ihnen dabei keine anderen Kosten als die Portokosten bzw. die \u00dcbermittlungskosten nach den bestehenden Basistarifen.<\/span><\/p>\n","protected":false},"excerpt":{"rendered":"<p>Die Mitgliedschaft kann in den einzelnen Abteilungen beantragt und zu den angegebenen Fristen &#8211; ebenfalls \u00fcber die Abteilungsleitungen &#8211; gek\u00fcndigt werden. \u00dcber die Geb\u00fchren f\u00fcr die Mitgliedschaft informieren die jeweiligen Abteilungen. SV-Anmeldung SEPA &#8211; Basketball SV-Anmeldung SEPA &#8211; Fitness oder Volleyball Die im Aufnahmeantrag angegebenen personenbezogenen Daten, insbesondere Name, Anschrift, Telefonnummer, Bankdaten, die allein zum [&hellip;]<\/p>\n","protected":false},"author":1,"featured_media":0,"parent":0,"menu_order":0,"comment_status":"closed","ping_status":"closed","template":"","meta":{"_regular_price":[],"currency_symbol":[],"pmpro_default_level":"","footnotes":""},"class_list":["post-64","page","type-page","status-publish","hentry","pmpro-has-access"],"post_slider_layout_featured_media_urls":{"thumbnail":"","post_slider_layout_landscape_large":"","post_slider_layout_portrait_large":"","post_slider_layout_square_large":"","post_slider_layout_landscape":"","post_slider_layout_portrait":"","post_slider_layout_square":"","full":""},"_links":{"self":[{"href":"https:\/\/sv-rhade.de\/index.php?rest_route=\/wp\/v2\/pages\/64","targetHints":{"allow":["GET"]}}],"collection":[{"href":"https:\/\/sv-rhade.de\/index.php?rest_route=\/wp\/v2\/pages"}],"about":[{"href":"https:\/\/sv-rhade.de\/index.php?rest_route=\/wp\/v2\/types\/page"}],"author":[{"embeddable":true,"href":"https:\/\/sv-rhade.de\/index.php?rest_route=\/wp\/v2\/users\/1"}],"replies":[{"embeddable":true,"href":"https:\/\/sv-rhade.de\/index.php?rest_route=%2Fwp%2Fv2%2Fcomments&post=64"}],"version-history":[{"count":8,"href":"https:\/\/sv-rhade.de\/index.php?rest_route=\/wp\/v2\/pages\/64\/revisions"}],"predecessor-version":[{"id":601,"href":"https:\/\/sv-rhade.de\/index.php?rest_route=\/wp\/v2\/pages\/64\/revisions\/601"}],"wp:attachment":[{"href":"https:\/\/sv-rhade.de\/index.php?rest_route=%2Fwp%2Fv2%2Fmedia&parent=64"}],"curies":[{"name":"wp","href":"https:\/\/api.w.org\/{rel}","templated":true}]}}